{"id":2916,"date":"2024-07-16T07:34:08","date_gmt":"2024-07-16T05:34:08","guid":{"rendered":"https:\/\/ksumaicare.com\/producto\/baobab-complex\/"},"modified":"2025-11-23T18:00:21","modified_gmt":"2025-11-23T17:00:21","slug":"baobab-complex","status":"publish","type":"product","link":"https:\/\/ksumaicare.com\/ca\/producto\/baobab-complex\/","title":{"rendered":"Baobab Complex"},"content":{"rendered":"<h3>Complement reconstituent de la Natura Yang<br \/>\nDissenyat per tonificar la Natura Yang i maximitzar les propietats tonificants i vigoritzants de les plantes. Podeu ajudar a millorar l&#8217;\u00e0nim i la vitalitat, especialment en per\u00edodes d&#8217;adversitat i estr\u00e8s.<\/h3>\n<h2>Baobab Complex combina Baobab, Moringa, Com\u00ed negre, Llavors de Carbassa, Chanca Pedra, Fenogreco i Gingebre, ingredients vegetals tradicionalment utilitzats per recolzar la vitalitat i el benestar f\u00edsic. La seva f\u00f3rmula contribueix al metabolisme energ\u00e8tic normal<\/h2>\n","protected":false},"excerpt":{"rendered":"<h3>Baobab Complex combina Baobab, Moringa, Com\u00ed negre, Llavors de Carbassa, Chanca Pedra, Fenogreco i Gingebre, ingredients vegetals tradicionalment utilitzats per recolzar la vitalitat i el benestar f\u00edsic. La seva f\u00f3rmula contribueix al metabolisme energ\u00e8tic normal<\/h3>\n","protected":false},"featured_media":3460,"comment_status":"open","ping_status":"closed","template":"","meta":[],"product_brand":[],"product_cat":[328],"product_tag":[356,355,330,357,354,332,359,361,364,368,367,331,358,365,362,363,353,366,360],"class_list":{"0":"post-2916","1":"product","2":"type-product","3":"status-publish","4":"has-post-thumbnail","6":"product_cat-complements","7":"product_tag-apatia-ca","8":"product_tag-astenia-ca","9":"product_tag-baobab-ca","10":"product_tag-cansament","11":"product_tag-comi-negre","12":"product_tag-concentracio","13":"product_tag-ejaculacio-precoc","14":"product_tag-energia-ca","15":"product_tag-estats-depressius","16":"product_tag-estres-ca","17":"product_tag-forca-desperit","18":"product_tag-ginkgo-biloba-ca","19":"product_tag-impotencia-ca","20":"product_tag-incontinencia-urinaria-ca","21":"product_tag-memoria-ca","22":"product_tag-natura-yang","23":"product_tag-papaina-ca","24":"product_tag-resiliencia-ca","25":"product_tag-vitalitat","27":"first","28":"instock","29":"shipping-taxable","30":"purchasable","31":"product-type-simple"},"_links":{"self":[{"href":"https:\/\/ksumaicare.com\/ca\/wp-json\/wp\/v2\/product\/2916","targetHints":{"allow":["GET"]}}],"collection":[{"href":"https:\/\/ksumaicare.com\/ca\/wp-json\/wp\/v2\/product"}],"about":[{"href":"https:\/\/ksumaicare.com\/ca\/wp-json\/wp\/v2\/types\/product"}],"replies":[{"embeddable":true,"href":"https:\/\/ksumaicare.com\/ca\/wp-json\/wp\/v2\/comments?post=2916"}],"wp:featuredmedia":[{"embeddable":true,"href":"https:\/\/ksumaicare.com\/ca\/wp-json\/wp\/v2\/media\/3460"}],"wp:attachment":[{"href":"https:\/\/ksumaicare.com\/ca\/wp-json\/wp\/v2\/media?parent=2916"}],"wp:term":[{"taxonomy":"product_brand","embeddable":true,"href":"https:\/\/ksumaicare.com\/ca\/wp-json\/wp\/v2\/product_brand?post=2916"},{"taxonomy":"product_cat","embeddable":true,"href":"https:\/\/ksumaicare.com\/ca\/wp-json\/wp\/v2\/product_cat?post=2916"},{"taxonomy":"product_tag","embeddable":true,"href":"https:\/\/ksumaicare.com\/ca\/wp-json\/wp\/v2\/product_tag?post=2916"}],"curies":[{"name":"wp","href":"https:\/\/api.w.org\/{rel}","templated":true}]}}