{"id":2920,"date":"2024-07-12T07:50:24","date_gmt":"2024-07-12T05:50:24","guid":{"rendered":"https:\/\/ksumaicare.com\/producto\/ksumai-55-30-ml\/"},"modified":"2025-10-09T02:00:44","modified_gmt":"2025-10-09T00:00:44","slug":"ksumai-55-30-ml","status":"publish","type":"product","link":"https:\/\/ksumaicare.com\/ca\/producto\/ksumai-55-30-ml\/","title":{"rendered":"KSUMAI 55 (30 ml)"},"content":{"rendered":"<p>Ideal per a adolescents propensos a l&#8217;acn\u00e9, i joves mam\u00e0s. Prev\u00e9 i suavitza estries donant elasticitat a la pell. Molt efectiu per calmar irritacions post-depilat\u00f2ries i post-afaitat. Nodreix la dermis despr\u00e9s de l&#8217;exposici\u00f3 al sol.<\/p>\n<p>&nbsp;<\/p>\n<p>T&#8217;embolica amb lleugeres pinzellades d&#8217;olor a flors silvestres dels boscos i camps mediterranis.<\/p>\n","protected":false},"excerpt":{"rendered":"<h5>El teu moment: el teu centre<\/h5>\n<p>Magn\u00edfic equilibrant per a pells sensibles, proporcionant a l&#8217;instant una sensaci\u00f3 sedosa a la pell, donant-li tots els nutrients necessaris per retardar les l\u00ednies d&#8217;expressi\u00f3.<\/p>\n<div class=\"accordion__content custom__liquid-template--19538062803284__main rte\">\n<p>&nbsp;<\/p>\n<\/div>\n","protected":false},"featured_media":2297,"comment_status":"open","ping_status":"closed","template":"","meta":[],"product_brand":[],"product_cat":[388],"product_tag":[378,407,427,416,423,418,417,424,425,392,390,389,391,426,422,420,419,421],"class_list":{"0":"post-2920","1":"product","2":"type-product","3":"status-publish","4":"has-post-thumbnail","6":"product_cat-una-joia-africana-a-la-pell","7":"product_tag-acne-ca","8":"product_tag-antiarrugues","9":"product_tag-cabell-sa","10":"product_tag-confianca","11":"product_tag-despres-de-lafaitat","12":"product_tag-forca-personal","13":"product_tag-introspeccio","14":"product_tag-lavanda-ca","15":"product_tag-linies-dexpressio","16":"product_tag-mantega-de-karite","17":"product_tag-oli-de-calendula","18":"product_tag-oli-de-moringa","19":"product_tag-oli-de-neem","20":"product_tag-pell-sedosa","21":"product_tag-post-depilacio","22":"product_tag-primera-maternitat","23":"product_tag-primera-regla-ca","24":"product_tag-seguretat","26":"first","27":"instock","28":"sale","29":"shipping-taxable","30":"purchasable","31":"product-type-simple"},"_links":{"self":[{"href":"https:\/\/ksumaicare.com\/ca\/wp-json\/wp\/v2\/product\/2920","targetHints":{"allow":["GET"]}}],"collection":[{"href":"https:\/\/ksumaicare.com\/ca\/wp-json\/wp\/v2\/product"}],"about":[{"href":"https:\/\/ksumaicare.com\/ca\/wp-json\/wp\/v2\/types\/product"}],"replies":[{"embeddable":true,"href":"https:\/\/ksumaicare.com\/ca\/wp-json\/wp\/v2\/comments?post=2920"}],"wp:featuredmedia":[{"embeddable":true,"href":"https:\/\/ksumaicare.com\/ca\/wp-json\/wp\/v2\/media\/2297"}],"wp:attachment":[{"href":"https:\/\/ksumaicare.com\/ca\/wp-json\/wp\/v2\/media?parent=2920"}],"wp:term":[{"taxonomy":"product_brand","embeddable":true,"href":"https:\/\/ksumaicare.com\/ca\/wp-json\/wp\/v2\/product_brand?post=2920"},{"taxonomy":"product_cat","embeddable":true,"href":"https:\/\/ksumaicare.com\/ca\/wp-json\/wp\/v2\/product_cat?post=2920"},{"taxonomy":"product_tag","embeddable":true,"href":"https:\/\/ksumaicare.com\/ca\/wp-json\/wp\/v2\/product_tag?post=2920"}],"curies":[{"name":"wp","href":"https:\/\/api.w.org\/{rel}","templated":true}]}}