{"id":7772,"date":"2024-11-21T17:48:01","date_gmt":"2024-11-21T16:48:01","guid":{"rendered":"https:\/\/ksumaicare.com\/cookie-richtlinie\/"},"modified":"2024-11-21T17:48:01","modified_gmt":"2024-11-21T16:48:01","slug":"cookie-richtlinie","status":"publish","type":"page","link":"https:\/\/ksumaicare.com\/de\/cookie-richtlinie\/","title":{"rendered":"Cookie-Richtlinie"},"content":{"rendered":"<p><strong>Cookie-Richtlinie<\/strong><\/p>\n<p>Auf der\u00a0 Website <strong>von SANDIARA ORIGINS NZ SL <\/strong>\u00a0verwenden wir Cookies, um das korrekte Funktionieren der Seite zu gew\u00e4hrleisten, die Benutzererfahrung zu verbessern und ihr Surfverhalten zu analysieren. Wenn Sie weiterhin auf unserer Website surfen, stimmen Sie der Verwendung von Cookies unter den in dieser Richtlinie beschriebenen Bedingungen zu.<\/p>\n<ol>\n<li><strong>Was sind Cookies?<\/strong><\/li>\n<\/ol>\n<p>Cookies sind kleine Textdateien, die auf Ihrem Ger\u00e4t (Computer, Tablet, Smartphone usw.) gespeichert werden, wenn Sie eine Website besuchen. Sein Zweck ist es, sich an Ihre Pr\u00e4ferenzen und Surfgewohnheiten zu erinnern, um Ihre Erfahrung bei zuk\u00fcnftigen Besuchen zu verbessern.<\/p>\n<ol>\n<li><strong>Arten von Cookies, die wir verwenden<\/strong><\/li>\n<\/ol>\n<p>Wir verwenden die folgenden Kategorien von Cookies auf unserer Website:<\/p>\n<ol>\n<li><strong>a) Nach Angaben der Stelle, die sie verwaltet:<\/strong><\/li>\n<\/ol>\n<ul>\n<li><strong>Erstanbieter-Cookies:<\/strong> Werden von unserer Domain installiert, um die angeforderten Dienste anzubieten.<\/li>\n<li><strong>Cookies von Drittanbietern:<\/strong> Werden von externen Domains wie Google Analytics zu Analyse- und Personalisierungszwecken installiert.<\/li>\n<\/ul>\n<ol>\n<li><strong>b) Je nach Zweck:<\/strong><\/li>\n<\/ol>\n<ul>\n<li><strong>Technische Cookies:<\/strong> Notwendig f\u00fcr das grundlegende Funktionieren der Website.<\/li>\n<li><strong>Analyse-Cookies:<\/strong> Sie erm\u00f6glichen es uns, das Verhalten der Nutzer auf der Website zu messen und zu analysieren.<\/li>\n<li><strong>Personalisierungs-Cookies:<\/strong> Sie passen Inhalte an Ihre Pr\u00e4ferenzen an, z. B. Sprache oder Region.<\/li>\n<li><strong>Werbe-Cookies:<\/strong> Sie verwalten Werbefl\u00e4chen, indem sie Anzeigen schalten, die sich auf Ihre Interessen beziehen.<\/li>\n<\/ul>\n<ol>\n<li><strong>c) Je nach Dauer:<\/strong><\/li>\n<\/ol>\n<ul>\n<li><strong>Session-Cookies:<\/strong> Diese werden automatisch gel\u00f6scht, wenn Sie Ihren Browser schlie\u00dfen.<\/li>\n<li><strong>Dauerhafte Cookies:<\/strong> Sie verbleiben bis zu ihrem Ablaufdatum auf Ihrem Ger\u00e4t oder bis Sie sie manuell l\u00f6schen.<\/li>\n<\/ul>\n<ol>\n<li><strong>Spezifische Cookies, die auf dieser Website verwendet werden<\/strong><\/li>\n<\/ol>\n<table>\n<thead>\n<tr>\n<td><strong>Nummer des Cookies<\/strong><\/td>\n<td><strong>Kerl<\/strong><\/td>\n<td><strong>Lieferant<\/strong><\/td>\n<td><strong>Zweck<\/strong><\/td>\n<td><strong>Dauer<\/strong><\/td>\n<\/tr>\n<\/thead>\n<tbody>\n<tr>\n<td><strong>_Ga<\/strong><\/td>\n<td>Analyse<\/td>\n<td>Google Analytics<\/td>\n<td>Sammelt statistische Daten \u00fcber die Nutzung der Website.<\/td>\n<td>2 Jahre<\/td>\n<\/tr>\n<tr>\n<td><strong>_gid<\/strong><\/td>\n<td>Analyse<\/td>\n<td>Google Analytics<\/td>\n<td>Unterscheiden Sie Benutzer in verschiedenen Sitzungen.<\/td>\n<td>24 Stunden<\/td>\n<\/tr>\n<tr>\n<td><strong>_Revolver<\/strong><\/td>\n<td>Technik<\/td>\n<td>Google Analytics<\/td>\n<td>Begrenzen Sie die Anzahl der Anforderungen.<\/td>\n<td>1 Minute<\/td>\n<\/tr>\n<tr>\n<td><strong>csrftoken<\/strong><\/td>\n<td>Sicherheit<\/td>\n<td>Besitzen<\/td>\n<td>Sch\u00fctzt vor CSRF-Angriffen (Cross-Site Request Forgery).<\/td>\n<td>1 Jahr<\/td>\n<\/tr>\n<tr>\n<td><strong>cookieconsent_status<\/strong><\/td>\n<td>Technik<\/td>\n<td>Besitzen<\/td>\n<td>Es speichert die Zustimmung des Nutzers zum Cookie-Hinweis.<\/td>\n<td>1 Jahr<\/td>\n<\/tr>\n<tr>\n<td><strong>fr<\/strong><\/td>\n<td>Werbung<\/td>\n<td>Auf Facebook (Englisch)<\/td>\n<td>Optimiere die Anzeigenauslieferung im gesamten Facebook-Netzwerk.<\/td>\n<td>90 Tage<\/td>\n<\/tr>\n<\/tbody>\n<\/table>\n<p><strong>\u00a0<\/strong><\/p>\n<ol>\n<li><strong>Verwalten und Deaktivieren von Cookies<\/strong><\/li>\n<\/ol>\n<p>Sie k\u00f6nnen Ihren Browser so einstellen, dass die auf Ihrem Ger\u00e4t installierten Cookies blockiert oder gel\u00f6scht werden. So gehen Sie in den wichtigsten Browsern vor:<\/p>\n<ul>\n<li><strong>Google Chrome: <\/strong><a href=\"https:\/\/support.google.com\/chrome\/answer\/95647\" target=\"_blank\" rel=\"noopener\">Anleitung<\/a><\/li>\n<li><strong>Mozilla Firefox: <\/strong><a href=\"https:\/\/support.mozilla.org\/es\/kb\/cookies-informacion-que-los-sitios-web-guardan-en-?redirectslug=habilitar-y-deshabilitar-cookies-sitios-web-rastrear-preferencias&amp;redirectlocale=es\" target=\"_blank\" rel=\"noopener\">Anleitung<\/a><\/li>\n<li><strong>Safari: <\/strong><a href=\"https:\/\/support.apple.com\/es-es\/guide\/safari\/sfri11471\/mac\" target=\"_blank\" rel=\"noopener\">Anleitung<\/a><\/li>\n<li><strong>Microsoft Edge: <\/strong><a href=\"https:\/\/support.microsoft.com\/es-es\/microsoft-edge\/eliminar-las-cookies-en-microsoft-edge-63947406-40ac-c3b8-57b9-2a946a29ae09\" target=\"_blank\" rel=\"noopener\">Anleitung<\/a><\/li>\n<\/ul>\n<p>Wenn Sie einige Cookies deaktivieren, sind bestimmte Funktionen der Website m\u00f6glicherweise nicht verf\u00fcgbar oder funktionieren nicht ordnungsgem\u00e4\u00df.<\/p>\n<ol>\n<li><strong>Aktualisierung der Cookie-Richtlinie<\/strong><\/li>\n<\/ol>\n<p>Diese Cookie-Richtlinie kann jederzeit aufgrund rechtlicher oder technischer \u00c4nderungen aktualisiert werden. Wir empfehlen Ihnen, es regelm\u00e4\u00dfig zu \u00fcberpr\u00fcfen, um \u00fcber m\u00f6gliche \u00c4nderungen informiert zu werden.<\/p>\n<p>Bei Fragen zu unserer Cookie-Richtlinie k\u00f6nnen Sie uns unter <a href=\"mailto:info@ksumaicare.com\"><strong>info@ksumaicare.com kontaktieren<\/strong><\/a>.<\/p>\n<p>&nbsp;<\/p>\n","protected":false},"excerpt":{"rendered":"<p>Cookie-Richtlinie Auf der\u00a0 Website von SANDIARA ORIGINS NZ SL \u00a0verwenden wir Cookies, um das korrekte Funktionieren der Seite zu gew\u00e4hrleisten, die Benutzererfahrung zu verbessern und ihr Surfverhalten zu analysieren. Wenn Sie weiterhin auf unserer Website surfen, stimmen Sie der Verwendung von Cookies unter den in dieser Richtlinie beschriebenen Bedingungen zu. Was sind Cookies? Cookies sind [&hellip;]<\/p>\n","protected":false},"author":22,"featured_media":0,"parent":0,"menu_order":0,"comment_status":"closed","ping_status":"closed","template":"","meta":{"footnotes":""},"class_list":["post-7772","page","type-page","status-publish","hentry"],"_links":{"self":[{"href":"https:\/\/ksumaicare.com\/de\/wp-json\/wp\/v2\/pages\/7772","targetHints":{"allow":["GET"]}}],"collection":[{"href":"https:\/\/ksumaicare.com\/de\/wp-json\/wp\/v2\/pages"}],"about":[{"href":"https:\/\/ksumaicare.com\/de\/wp-json\/wp\/v2\/types\/page"}],"author":[{"embeddable":true,"href":"https:\/\/ksumaicare.com\/de\/wp-json\/wp\/v2\/users\/22"}],"replies":[{"embeddable":true,"href":"https:\/\/ksumaicare.com\/de\/wp-json\/wp\/v2\/comments?post=7772"}],"version-history":[{"count":0,"href":"https:\/\/ksumaicare.com\/de\/wp-json\/wp\/v2\/pages\/7772\/revisions"}],"wp:attachment":[{"href":"https:\/\/ksumaicare.com\/de\/wp-json\/wp\/v2\/media?parent=7772"}],"curies":[{"name":"wp","href":"https:\/\/api.w.org\/{rel}","templated":true}]}}