{"id":2158,"date":"2024-07-12T18:12:32","date_gmt":"2024-07-12T16:12:32","guid":{"rendered":"https:\/\/ksumaicare.com\/panier\/"},"modified":"2024-11-21T10:19:43","modified_gmt":"2024-11-21T09:19:43","slug":"panier","status":"publish","type":"page","link":"https:\/\/ksumaicare.com\/fr\/panier\/","title":{"rendered":"Panier"},"content":{"rendered":"\n<div data-block-name=\"woocommerce\/cart\" data-translated-with-w-p-m-l-t-m=\"1\" class=\"wp-block-woocommerce-cart alignwide is-loading\">\n<div data-block-name=\"woocommerce\/filled-cart-block\" data-translated-with-w-p-m-l-t-m=\"1\" class=\"wp-block-woocommerce-filled-cart-block\">\n<div data-block-name=\"woocommerce\/cart-items-block\" data-translated-with-w-p-m-l-t-m=\"1\" class=\"wp-block-woocommerce-cart-items-block\">\n<div data-block-name=\"woocommerce\/cart-line-items-block\" data-translated-with-w-p-m-l-t-m=\"1\" class=\"wp-block-woocommerce-cart-line-items-block\"><\/div>\r\n\n\n\n<div data-block-name=\"woocommerce\/cart-cross-sells-block\" data-translated-with-w-p-m-l-t-m=\"1\" class=\"wp-block-woocommerce-cart-cross-sells-block\">\n<h2 class=\"wp-block-heading has-large-font-size\">Vous pourriez \u00eatre int\u00e9ress\u00e9\u2026<\/h2>\n\n\n\n<div data-block-name=\"woocommerce\/cart-cross-sells-products-block\" data-translated-with-w-p-m-l-t-m=\"1\" class=\"wp-block-woocommerce-cart-cross-sells-products-block\"><\/div>\r\n<\/div>\n<\/div>\n\n\n\n<div data-block-name=\"woocommerce\/cart-totals-block\" data-translated-with-w-p-m-l-t-m=\"1\" class=\"wp-block-woocommerce-cart-totals-block\">\n<div data-block-name=\"woocommerce\/cart-order-summary-block\" data-translated-with-w-p-m-l-t-m=\"1\" class=\"wp-block-woocommerce-cart-order-summary-block\">\n<div data-block-name=\"woocommerce\/cart-order-summary-heading-block\" class=\"wp-block-woocommerce-cart-order-summary-heading-block\"><\/div><div data-block-name=\"woocommerce\/cart-order-summary-coupon-form-block\" data-translated-with-w-p-m-l-t-m=\"1\" class=\"wp-block-woocommerce-cart-order-summary-coupon-form-block\"><\/div>\r\r\r\r\r<div data-block-name=\"woocommerce\/cart-order-summary-totals-block\" class=\"wp-block-woocommerce-cart-order-summary-totals-block\">\n<div data-block-name=\"woocommerce\/cart-order-summary-subtotal-block\" data-translated-with-w-p-m-l-t-m=\"1\" class=\"wp-block-woocommerce-cart-order-summary-subtotal-block\"><\/div>\n<div data-block-name=\"woocommerce\/cart-order-summary-discount-block\" data-translated-with-w-p-m-l-t-m=\"1\" class=\"wp-block-woocommerce-cart-order-summary-discount-block\"><\/div>\n<div data-block-name=\"woocommerce\/cart-order-summary-fee-block\" data-translated-with-w-p-m-l-t-m=\"1\" class=\"wp-block-woocommerce-cart-order-summary-fee-block\"><\/div>\n<div data-block-name=\"woocommerce\/cart-order-summary-shipping-block\" data-translated-with-w-p-m-l-t-m=\"1\" class=\"wp-block-woocommerce-cart-order-summary-shipping-block\"><\/div>\n<div data-block-name=\"woocommerce\/cart-order-summary-taxes-block\" data-translated-with-w-p-m-l-t-m=\"1\" class=\"wp-block-woocommerce-cart-order-summary-taxes-block\"><\/div><\/div>\r\n<\/div>\n\n\n\n<div data-block-name=\"woocommerce\/cart-express-payment-block\" data-translated-with-w-p-m-l-t-m=\"1\" class=\"wp-block-woocommerce-cart-express-payment-block\"><\/div>\r\n\n\n\n<div data-block-name=\"woocommerce\/proceed-to-checkout-block\" class=\"wp-block-woocommerce-proceed-to-checkout-block\"><\/div>\n\n\n\n<div data-block-name=\"woocommerce\/cart-accepted-payment-methods-block\" data-translated-with-w-p-m-l-t-m=\"1\" class=\"wp-block-woocommerce-cart-accepted-payment-methods-block\"><\/div>\r\n<div data-block-name=\"woocommerce-paypal-payments\/cart-paylater-messages\" data-pp-placement=\"cart\" data-pp-style-layout=\"text\" data-pp-style-logo-position=\"left\" data-pp-style-logo-type=\"inline\" data-pp-style-text-color=\"black\" data-pp-style-text-size=\"12\" id=\"ppcp-cart-paylater-messages\" class=\"ppcp-messages\" data-partner-attribution-id=\"Woo_PPCP\"><\/div><\/div>\n<\/div>\n\n\n\n<div data-block-name=\"woocommerce\/empty-cart-block\" data-translated-with-w-p-m-l-t-m=\"1\" class=\"wp-block-woocommerce-empty-cart-block\">\n<h2 class=\"wp-block-heading has-text-align-center with-empty-cart-icon wc-block-cart__empty-cart__title\">Votre panier est actuellement vide !<\/h2>\n\n\n\n<hr class=\"wp-block-separator has-alpha-channel-opacity is-style-dots\"\/>\n\n\n\n<h2 class=\"wp-block-heading has-text-align-center\">Nouveau en magasin<\/h2>\n\n\n<div data-block-name=\"woocommerce\/product-new\" data-columns=\"4\" data-rows=\"1\" class=\"wc-block-grid wp-block-product-new wp-block-woocommerce-product-new wc-block-product-new has-4-columns\"><ul class=\"wc-block-grid__products\"><li class=\"wc-block-grid__product\">\n\t\t\t\t<a href=\"https:\/\/ksumaicare.com\/fr\/producto\/parasistop-complex\/\" class=\"wc-block-grid__product-link\">\n\t\t\t\t\t\n\t\t\t\t\t<div class=\"wc-block-grid__product-image\"><img fetchpriority=\"high\" decoding=\"async\" width=\"300\" height=\"300\" src=\"https:\/\/ksumaicare.com\/wp-content\/uploads\/2025\/05\/KSUMAI-PARASISTOP-COMPLEX-BOTE-1-300x300.png\" class=\"attachment-woocommerce_thumbnail size-woocommerce_thumbnail\" alt=\"ParasiStop  Complex\" srcset=\"https:\/\/ksumaicare.com\/wp-content\/uploads\/2025\/05\/KSUMAI-PARASISTOP-COMPLEX-BOTE-1-300x300.png 300w, https:\/\/ksumaicare.com\/wp-content\/uploads\/2025\/05\/KSUMAI-PARASISTOP-COMPLEX-BOTE-1-1024x1024.png 1024w, https:\/\/ksumaicare.com\/wp-content\/uploads\/2025\/05\/KSUMAI-PARASISTOP-COMPLEX-BOTE-1-150x150.png 150w, https:\/\/ksumaicare.com\/wp-content\/uploads\/2025\/05\/KSUMAI-PARASISTOP-COMPLEX-BOTE-1-768x768.png 768w, https:\/\/ksumaicare.com\/wp-content\/uploads\/2025\/05\/KSUMAI-PARASISTOP-COMPLEX-BOTE-1-1536x1536.png 1536w, https:\/\/ksumaicare.com\/wp-content\/uploads\/2025\/05\/KSUMAI-PARASISTOP-COMPLEX-BOTE-1-1320x1320.png 1320w, https:\/\/ksumaicare.com\/wp-content\/uploads\/2025\/05\/KSUMAI-PARASISTOP-COMPLEX-BOTE-1-600x600.png 600w, https:\/\/ksumaicare.com\/wp-content\/uploads\/2025\/05\/KSUMAI-PARASISTOP-COMPLEX-BOTE-1-100x100.png 100w, https:\/\/ksumaicare.com\/wp-content\/uploads\/2025\/05\/KSUMAI-PARASISTOP-COMPLEX-BOTE-1.png 1691w\" sizes=\"(max-width: 300px) 100vw, 300px\" \/><\/div>\n\t\t\t\t\t<div class=\"wc-block-grid__product-title\">ParasiStop  Complex<\/div>\n\t\t\t\t<\/a>\n\t\t\t\t<div class=\"wc-block-grid__product-price price\"><span class=\"woocommerce-Price-amount amount\">36,00&nbsp;<span class=\"woocommerce-Price-currencySymbol\">&euro;<\/span><\/span><\/div>\n\t\t\t\t\n\t\t\t\t<div class=\"wp-block-button wc-block-grid__product-add-to-cart\"><a href=\"\/fr\/wp-json\/wp\/v2\/pages\/2158?add-to-cart=7558\" aria-label=\"Ajouter au panier\u00a0: &ldquo;ParasiStop  Complex&rdquo;\" data-quantity=\"1\" data-product_id=\"7558\" data-product_sku=\"13201\" data-price=\"36\" rel=\"nofollow\" class=\"wp-block-button__link  add_to_cart_button ajax_add_to_cart\">Ajouter au panier<\/a><\/div>\n\t\t\t<\/li><li class=\"wc-block-grid__product\">\n\t\t\t\t<a href=\"https:\/\/ksumaicare.com\/producto\/moringa-complex-revitalizante-femenino\/\" class=\"wc-block-grid__product-link\">\n\t\t\t\t\t\n\t\t\t\t\t<div class=\"wc-block-grid__product-image\"><img decoding=\"async\" width=\"300\" height=\"300\" src=\"https:\/\/ksumaicare.com\/wp-content\/uploads\/2024\/07\/Moring-revitalizante-femenino-300x300.png\" class=\"attachment-woocommerce_thumbnail size-woocommerce_thumbnail\" alt=\"Moringa Complex\" srcset=\"https:\/\/ksumaicare.com\/wp-content\/uploads\/2024\/07\/Moring-revitalizante-femenino-300x300.png 300w, https:\/\/ksumaicare.com\/wp-content\/uploads\/2024\/07\/Moring-revitalizante-femenino-1024x1024.png 1024w, https:\/\/ksumaicare.com\/wp-content\/uploads\/2024\/07\/Moring-revitalizante-femenino-150x150.png 150w, https:\/\/ksumaicare.com\/wp-content\/uploads\/2024\/07\/Moring-revitalizante-femenino-768x768.png 768w, https:\/\/ksumaicare.com\/wp-content\/uploads\/2024\/07\/Moring-revitalizante-femenino-600x600.png 600w, https:\/\/ksumaicare.com\/wp-content\/uploads\/2024\/07\/Moring-revitalizante-femenino-100x100.png 100w, https:\/\/ksumaicare.com\/wp-content\/uploads\/2024\/07\/Moring-revitalizante-femenino.png 1080w\" sizes=\"(max-width: 300px) 100vw, 300px\" \/><\/div>\n\t\t\t\t\t<div class=\"wc-block-grid__product-title\">Moringa Complex<\/div>\n\t\t\t\t<\/a>\n\t\t\t\t<div class=\"wc-block-grid__product-price price\"><span class=\"woocommerce-Price-amount amount\">36,00&nbsp;<span class=\"woocommerce-Price-currencySymbol\">&euro;<\/span><\/span><\/div>\n\t\t\t\t\n\t\t\t\t<div class=\"wp-block-button wc-block-grid__product-add-to-cart\"><a href=\"\/fr\/wp-json\/wp\/v2\/pages\/2158?add-to-cart=367\" aria-label=\"Ajouter au panier\u00a0: &ldquo;Moringa Complex&rdquo;\" data-quantity=\"1\" data-product_id=\"367\" data-product_sku=\"13199\" data-price=\"36\" rel=\"nofollow\" class=\"wp-block-button__link  add_to_cart_button ajax_add_to_cart\">Ajouter au panier<\/a><\/div>\n\t\t\t<\/li><li class=\"wc-block-grid__product\">\n\t\t\t\t<a href=\"https:\/\/ksumaicare.com\/producto\/baobab-complex-tonificante-masculino\/\" class=\"wc-block-grid__product-link\">\n\t\t\t\t\t\n\t\t\t\t\t<div class=\"wc-block-grid__product-image\"><img decoding=\"async\" width=\"300\" height=\"300\" src=\"https:\/\/ksumaicare.com\/wp-content\/uploads\/2024\/07\/Baobab-web-300x300.png\" class=\"attachment-woocommerce_thumbnail size-woocommerce_thumbnail\" alt=\"Baobab Complex\" srcset=\"https:\/\/ksumaicare.com\/wp-content\/uploads\/2024\/07\/Baobab-web-300x300.png 300w, https:\/\/ksumaicare.com\/wp-content\/uploads\/2024\/07\/Baobab-web-1024x1024.png 1024w, https:\/\/ksumaicare.com\/wp-content\/uploads\/2024\/07\/Baobab-web-150x150.png 150w, https:\/\/ksumaicare.com\/wp-content\/uploads\/2024\/07\/Baobab-web-768x768.png 768w, https:\/\/ksumaicare.com\/wp-content\/uploads\/2024\/07\/Baobab-web-600x600.png 600w, https:\/\/ksumaicare.com\/wp-content\/uploads\/2024\/07\/Baobab-web-100x100.png 100w, https:\/\/ksumaicare.com\/wp-content\/uploads\/2024\/07\/Baobab-web.png 1080w\" sizes=\"(max-width: 300px) 100vw, 300px\" \/><\/div>\n\t\t\t\t\t<div class=\"wc-block-grid__product-title\">Baobab Complex<\/div>\n\t\t\t\t<\/a>\n\t\t\t\t<div class=\"wc-block-grid__product-price price\"><span class=\"woocommerce-Price-amount amount\">36,00&nbsp;<span class=\"woocommerce-Price-currencySymbol\">&euro;<\/span><\/span><\/div>\n\t\t\t\t\n\t\t\t\t<div class=\"wp-block-button wc-block-grid__product-add-to-cart\"><a href=\"\/fr\/wp-json\/wp\/v2\/pages\/2158?add-to-cart=371\" aria-label=\"Ajouter au panier\u00a0: &ldquo;Baobab Complex&rdquo;\" data-quantity=\"1\" data-product_id=\"371\" data-product_sku=\"13198\" data-price=\"36\" rel=\"nofollow\" class=\"wp-block-button__link  add_to_cart_button ajax_add_to_cart\">Ajouter au panier<\/a><\/div>\n\t\t\t<\/li><li class=\"wc-block-grid__product\">\n\t\t\t\t<a href=\"https:\/\/ksumaicare.com\/producto\/detox-hepatico-depuracion-natural\/\" class=\"wc-block-grid__product-link\">\n\t\t\t\t\t\n\t\t\t\t\t<div class=\"wc-block-grid__product-image\"><img loading=\"lazy\" decoding=\"async\" width=\"300\" height=\"300\" src=\"https:\/\/ksumaicare.com\/wp-content\/uploads\/2024\/07\/Baobab-web-1-300x300.png\" class=\"attachment-woocommerce_thumbnail size-woocommerce_thumbnail\" alt=\"Detox Hep\u00e1tico\" srcset=\"https:\/\/ksumaicare.com\/wp-content\/uploads\/2024\/07\/Baobab-web-1-300x300.png 300w, https:\/\/ksumaicare.com\/wp-content\/uploads\/2024\/07\/Baobab-web-1-1024x1024.png 1024w, https:\/\/ksumaicare.com\/wp-content\/uploads\/2024\/07\/Baobab-web-1-150x150.png 150w, https:\/\/ksumaicare.com\/wp-content\/uploads\/2024\/07\/Baobab-web-1-768x768.png 768w, https:\/\/ksumaicare.com\/wp-content\/uploads\/2024\/07\/Baobab-web-1-600x600.png 600w, https:\/\/ksumaicare.com\/wp-content\/uploads\/2024\/07\/Baobab-web-1-100x100.png 100w, https:\/\/ksumaicare.com\/wp-content\/uploads\/2024\/07\/Baobab-web-1.png 1080w\" sizes=\"(max-width: 300px) 100vw, 300px\" \/><\/div>\n\t\t\t\t\t<div class=\"wc-block-grid__product-title\">Detox Hep\u00e1tico<\/div>\n\t\t\t\t<\/a>\n\t\t\t\t<div class=\"wc-block-grid__product-price price\"><span class=\"woocommerce-Price-amount amount\">36,00&nbsp;<span class=\"woocommerce-Price-currencySymbol\">&euro;<\/span><\/span><\/div>\n\t\t\t\t\n\t\t\t\t<div class=\"wp-block-button wc-block-grid__product-add-to-cart\"><a href=\"\/fr\/wp-json\/wp\/v2\/pages\/2158?add-to-cart=375\" aria-label=\"Ajouter au panier\u00a0: &ldquo;Detox Hep\u00e1tico&rdquo;\" data-quantity=\"1\" data-product_id=\"375\" data-product_sku=\"13197\" data-price=\"36\" rel=\"nofollow\" class=\"wp-block-button__link  add_to_cart_button ajax_add_to_cart\">Ajouter au panier<\/a><\/div>\n\t\t\t<\/li><\/ul><\/div><\/div>\n<\/div>\n","protected":false},"excerpt":{"rendered":"","protected":false},"author":22,"featured_media":0,"parent":0,"menu_order":0,"comment_status":"closed","ping_status":"closed","template":"","meta":{"footnotes":""},"class_list":["post-2158","page","type-page","status-publish","hentry"],"_links":{"self":[{"href":"https:\/\/ksumaicare.com\/fr\/wp-json\/wp\/v2\/pages\/2158","targetHints":{"allow":["GET"]}}],"collection":[{"href":"https:\/\/ksumaicare.com\/fr\/wp-json\/wp\/v2\/pages"}],"about":[{"href":"https:\/\/ksumaicare.com\/fr\/wp-json\/wp\/v2\/types\/page"}],"author":[{"embeddable":true,"href":"https:\/\/ksumaicare.com\/fr\/wp-json\/wp\/v2\/users\/22"}],"replies":[{"embeddable":true,"href":"https:\/\/ksumaicare.com\/fr\/wp-json\/wp\/v2\/comments?post=2158"}],"version-history":[{"count":0,"href":"https:\/\/ksumaicare.com\/fr\/wp-json\/wp\/v2\/pages\/2158\/revisions"}],"wp:attachment":[{"href":"https:\/\/ksumaicare.com\/fr\/wp-json\/wp\/v2\/media?parent=2158"}],"curies":[{"name":"wp","href":"https:\/\/api.w.org\/{rel}","templated":true}]}}