{"id":3120,"date":"2024-11-21T17:49:17","date_gmt":"2024-11-21T16:49:17","guid":{"rendered":"https:\/\/ksumaicare.com\/mentions-legales\/"},"modified":"2024-11-21T17:49:17","modified_gmt":"2024-11-21T16:49:17","slug":"mentions-legales","status":"publish","type":"page","link":"https:\/\/ksumaicare.com\/fr\/mentions-legales\/","title":{"rendered":"Mentions l\u00e9gales"},"content":{"rendered":"<p>Conform\u00e9ment aux dispositions de la loi 34\/2002 sur les services de la soci\u00e9t\u00e9 de l&rsquo;information et du commerce \u00e9lectronique (LSSI-CE), ainsi qu&rsquo;au r\u00e8glement g\u00e9n\u00e9ral sur la protection des donn\u00e9es (RGPD), nous mettons \u00e0 la disposition des utilisateurs les informations suivantes :<\/p>\n<p><strong>Donn\u00e9es de l&rsquo;entreprise<\/strong><\/p>\n<ul>\n<li><strong>R\u00e9seaux sociaux\u00a0:<\/strong> SANDIARA ORIGINS NZ SL<\/li>\n<li><strong>CIF\/NIF :<\/strong> B44560944<\/li>\n<li><strong>Si\u00e8ge social :<\/strong> CALLE Disseminatants Afores 17199<\/li>\n<li><strong>Code postal\u00a0:<\/strong> 17199<\/li>\n<li><strong>Lieu\u00a0:<\/strong> Sant Gregori<\/li>\n<li><strong>Province\u00a0:<\/strong> Girona<\/li>\n<li><strong>Pays\u00a0:<\/strong> Espagne<\/li>\n<li><strong>Courriel de contact :<\/strong> <a href=\"mailto:info@ksumaicare.com\">info@ksumaicare.com<\/a><\/li>\n<\/ul>\n<p><strong>Conditions d&rsquo;utilisation<\/strong><\/p>\n<p>L&rsquo;acc\u00e8s et l&rsquo;utilisation de ce site web conf\u00e8rent la condition d&rsquo;\u00ab Utilisateur \u00bb, ce qui implique l&rsquo;acceptation des conditions d&rsquo;utilisation en vigueur au moment de l&rsquo;acc\u00e8s. L&rsquo;utilisateur s&rsquo;engage \u00e0 faire un usage appropri\u00e9 des contenus et des services propos\u00e9s et \u00e0 ne pas les utiliser pour des activit\u00e9s ill\u00e9gales, contraires \u00e0 la bonne foi ou \u00e0 l&rsquo;ordre public.<\/p>\n<p><strong>Propri\u00e9t\u00e9 intellectuelle et industrielle<\/strong><\/p>\n<p>Tous les contenus du site web (textes, images, graphiques, logos, boutons, logiciels, combinaisons de couleurs, structure, design, etc.) sont prot\u00e9g\u00e9s par des droits de propri\u00e9t\u00e9 intellectuelle et industrielle. Sa reproduction, distribution, communication publique ou transformation est interdite, sauf autorisation expresse de SANDIARA ORIGINS NZ SL.<\/p>\n<p><strong>Protection des donn\u00e9es<\/strong><\/p>\n<p>Conform\u00e9ment au R\u00e8glement g\u00e9n\u00e9ral sur la protection des donn\u00e9es (RGPD), les donn\u00e9es personnelles fournies seront trait\u00e9es de mani\u00e8re confidentielle et utilis\u00e9es exclusivement aux fins sp\u00e9cifi\u00e9es dans notre politique de confidentialit\u00e9.<\/p>\n<p>L&rsquo;Utilisateur peut \u00e0 tout moment exercer ses droits d&rsquo;acc\u00e8s, de rectification, d&rsquo;annulation, d&rsquo;opposition, de limitation du traitement et de portabilit\u00e9 de ses donn\u00e9es en adressant un courrier \u00e9lectronique \u00e0 <strong>info@ksumaicare.com<\/strong>, en indiquant \u00ab Protection des donn\u00e9es \u00bb comme r\u00e9f\u00e9rence.<\/p>\n<p><strong>Exclusion de responsabilit\u00e9<\/strong><\/p>\n<p>SANDIARA ORIGINS NZ SL n&rsquo;est pas responsable des dommages qui pourraient r\u00e9sulter de l&rsquo;utilisation inappropri\u00e9e du contenu de ce site Web, ni des dommages qui pourraient \u00eatre g\u00e9n\u00e9r\u00e9s par d&rsquo;\u00e9ventuelles d\u00e9faillances techniques.<\/p>\n<p><strong>Juridiction et droit applicable<\/strong><\/p>\n<p>Tout litige relatif \u00e0 ce site web sera r\u00e9gi par la loi espagnole, les Cours et Tribunaux de Girona \u00e9tant comp\u00e9tents pour r\u00e9soudre tout litige.<\/p>\n","protected":false},"excerpt":{"rendered":"<p>Conform\u00e9ment aux dispositions de la loi 34\/2002 sur les services de la soci\u00e9t\u00e9 de l&rsquo;information et du commerce \u00e9lectronique (LSSI-CE), ainsi qu&rsquo;au r\u00e8glement g\u00e9n\u00e9ral sur la protection des donn\u00e9es (RGPD), nous mettons \u00e0 la disposition des utilisateurs les informations suivantes : Donn\u00e9es de l&rsquo;entreprise R\u00e9seaux sociaux\u00a0: SANDIARA ORIGINS NZ SL CIF\/NIF : B44560944 Si\u00e8ge social [&hellip;]<\/p>\n","protected":false},"author":22,"featured_media":0,"parent":0,"menu_order":0,"comment_status":"closed","ping_status":"closed","template":"","meta":{"footnotes":""},"class_list":["post-3120","page","type-page","status-publish","hentry"],"_links":{"self":[{"href":"https:\/\/ksumaicare.com\/fr\/wp-json\/wp\/v2\/pages\/3120","targetHints":{"allow":["GET"]}}],"collection":[{"href":"https:\/\/ksumaicare.com\/fr\/wp-json\/wp\/v2\/pages"}],"about":[{"href":"https:\/\/ksumaicare.com\/fr\/wp-json\/wp\/v2\/types\/page"}],"author":[{"embeddable":true,"href":"https:\/\/ksumaicare.com\/fr\/wp-json\/wp\/v2\/users\/22"}],"replies":[{"embeddable":true,"href":"https:\/\/ksumaicare.com\/fr\/wp-json\/wp\/v2\/comments?post=3120"}],"version-history":[{"count":0,"href":"https:\/\/ksumaicare.com\/fr\/wp-json\/wp\/v2\/pages\/3120\/revisions"}],"wp:attachment":[{"href":"https:\/\/ksumaicare.com\/fr\/wp-json\/wp\/v2\/media?parent=3120"}],"curies":[{"name":"wp","href":"https:\/\/api.w.org\/{rel}","templated":true}]}}