{"id":3126,"date":"2024-11-21T17:48:01","date_gmt":"2024-11-21T16:48:01","guid":{"rendered":"https:\/\/ksumaicare.com\/politique-en-matiere-de-cookies\/"},"modified":"2024-11-21T17:48:01","modified_gmt":"2024-11-21T16:48:01","slug":"politique-en-matiere-de-cookies","status":"publish","type":"page","link":"https:\/\/ksumaicare.com\/fr\/politique-en-matiere-de-cookies\/","title":{"rendered":"Politique en mati\u00e8re de cookies"},"content":{"rendered":"<p><strong>Politique en mati\u00e8re de cookies<\/strong><\/p>\n<p>Sur le\u00a0 site web de <strong>SANDIARA ORIGINS NZ SL <\/strong>\u00a0, nous utilisons des cookies pour assurer le bon fonctionnement de la page, am\u00e9liorer l&rsquo;exp\u00e9rience de l&rsquo;utilisateur et analyser sa navigation. En poursuivant votre navigation sur notre site, vous acceptez l&rsquo;utilisation de cookies dans les conditions d\u00e9crites dans la pr\u00e9sente Politique.<\/p>\n<ol>\n<li><strong> Que sont les cookies ?<\/strong><\/li>\n<\/ol>\n<p>Les cookies sont de petits fichiers texte qui sont stock\u00e9s sur votre appareil (ordinateur, tablette, smartphone, etc.) lorsque vous visitez un site web. Son but est de se souvenir de vos pr\u00e9f\u00e9rences et de vos habitudes de navigation afin d&rsquo;am\u00e9liorer votre exp\u00e9rience lors de vos futures visites.<\/p>\n<ol start=\"2\">\n<li><strong> Types de cookies que nous utilisons<\/strong><\/li>\n<\/ol>\n<p>Nous utilisons les cat\u00e9gories de cookies suivantes sur notre site Web :<\/p>\n<ol>\n<li><strong>a) Selon l&rsquo;entit\u00e9 qui les g\u00e8re :<\/strong><\/li>\n<\/ol>\n<ul>\n<li><strong>Cookies de premi\u00e8re partie :<\/strong> Install\u00e9s par notre domaine pour offrir les services demand\u00e9s.<\/li>\n<li><strong>Cookies tiers :<\/strong> Install\u00e9s par des domaines externes, tels que Google Analytics, \u00e0 des fins d&rsquo;analyse et de personnalisation.<\/li>\n<\/ul>\n<ol>\n<li><strong>b) Selon leur finalit\u00e9 :<\/strong><\/li>\n<\/ol>\n<ul>\n<li><strong>Cookies techniques :<\/strong> N\u00e9cessaires au fonctionnement de base du site web.<\/li>\n<li><strong>Cookies d&rsquo;analyse :<\/strong> Ils nous permettent de mesurer et d&rsquo;analyser le comportement des utilisateurs sur le site web.<\/li>\n<li><strong>Cookies de personnalisation :<\/strong> ils adaptent le contenu en fonction de vos pr\u00e9f\u00e9rences, telles que la langue ou la r\u00e9gion.<\/li>\n<li><strong>Cookies publicitaires :<\/strong> Ils g\u00e8rent les espaces publicitaires en affichant des publicit\u00e9s li\u00e9es \u00e0 vos centres d&rsquo;int\u00e9r\u00eats.<\/li>\n<\/ul>\n<ol>\n<li><strong>c) En fonction de leur dur\u00e9e :<\/strong><\/li>\n<\/ol>\n<ul>\n<li><strong>Cookies de session :<\/strong> Ils sont automatiquement supprim\u00e9s lorsque vous fermez votre navigateur.<\/li>\n<li><strong>Cookies persistants :<\/strong> Ils restent sur votre appareil jusqu&rsquo;\u00e0 leur date d&rsquo;expiration ou jusqu&rsquo;\u00e0 ce que vous les supprimiez manuellement.<\/li>\n<\/ul>\n<ol start=\"3\">\n<li><strong> Cookies sp\u00e9cifiques utilis\u00e9s sur ce site web<\/strong><\/li>\n<\/ol>\n<table>\n<thead>\n<tr>\n<td><strong>Nombre de la Cookie<\/strong><\/td>\n<td><strong>Mec<\/strong><\/td>\n<td><strong>Fournisseur<\/strong><\/td>\n<td><strong>But<\/strong><\/td>\n<td><strong>Dur\u00e9e<\/strong><\/td>\n<\/tr>\n<\/thead>\n<tbody>\n<tr>\n<td><strong>_ga<\/strong><\/td>\n<td>Analyse<\/td>\n<td>Google Analytique<\/td>\n<td>Collecte des donn\u00e9es statistiques sur l&rsquo;utilisation du site Web.<\/td>\n<td>2 ans<\/td>\n<\/tr>\n<tr>\n<td><strong>_Gid<\/strong><\/td>\n<td>Analyse<\/td>\n<td>Google Analytique<\/td>\n<td>Distinguez les utilisateurs dans diff\u00e9rentes sessions.<\/td>\n<td>24 heures sur 24<\/td>\n<\/tr>\n<tr>\n<td><strong>_Flingue<\/strong><\/td>\n<td>Technique<\/td>\n<td>Google Analytique<\/td>\n<td>Limitez le taux de demandes.<\/td>\n<td>1 minute<\/td>\n<\/tr>\n<tr>\n<td><strong>csrftoken<\/strong><\/td>\n<td>S\u00e9curit\u00e9<\/td>\n<td>Poss\u00e9der<\/td>\n<td>Protege contra ataques CSRF (Cross-Site Request Forgery).<\/td>\n<td>1 an<\/td>\n<\/tr>\n<tr>\n<td><strong>cookieconsent_status<\/strong><\/td>\n<td>Technique<\/td>\n<td>Poss\u00e9der<\/td>\n<td>Il stocke l&rsquo;acceptation par l&rsquo;utilisateur de l&rsquo;avis de cookie.<\/td>\n<td>1 an<\/td>\n<\/tr>\n<tr>\n<td><strong>Fr<\/strong><\/td>\n<td>Publicit\u00e9s<\/td>\n<td>Sur Facebook<\/td>\n<td>Optimisez la diffusion des publicit\u00e9s sur le r\u00e9seau Facebook.<\/td>\n<td>90 jours<\/td>\n<\/tr>\n<\/tbody>\n<\/table>\n<p><strong>\u00a0<\/strong><\/p>\n<ol start=\"4\">\n<li><strong> G\u00e9rer et d\u00e9sactiver les cookies<\/strong><\/li>\n<\/ol>\n<p>Vous pouvez configurer votre navigateur pour bloquer ou supprimer les cookies install\u00e9s sur votre appareil. Voici comment proc\u00e9der dans les principaux navigateurs :<\/p>\n<ul>\n<li><strong>Google Chrome : <\/strong><a href=\"https:\/\/support.google.com\/chrome\/answer\/95647\" target=\"_blank\" rel=\"noopener\">Mode d&#8217;emploi<\/a><\/li>\n<li><strong>Mozilla Firefox : <\/strong><a href=\"https:\/\/support.mozilla.org\/es\/kb\/cookies-informacion-que-los-sitios-web-guardan-en-?redirectslug=habilitar-y-deshabilitar-cookies-sitios-web-rastrear-preferencias&amp;redirectlocale=es\" target=\"_blank\" rel=\"noopener\">Mode d&#8217;emploi<\/a><\/li>\n<li><strong>Safari : <\/strong><a href=\"https:\/\/support.apple.com\/es-es\/guide\/safari\/sfri11471\/mac\" target=\"_blank\" rel=\"noopener\">Instructions<\/a><\/li>\n<li><strong>Microsoft Edge : <\/strong><a href=\"https:\/\/support.microsoft.com\/es-es\/microsoft-edge\/eliminar-las-cookies-en-microsoft-edge-63947406-40ac-c3b8-57b9-2a946a29ae09\" target=\"_blank\" rel=\"noopener\">Instructions<\/a><\/li>\n<\/ul>\n<p>Si vous d\u00e9sactivez certains cookies, certaines fonctionnalit\u00e9s du site Web peuvent ne pas \u00eatre disponibles ou ne pas fonctionner correctement.<\/p>\n<ol start=\"5\">\n<li><strong> Mise \u00e0 jour de la politique en mati\u00e8re de cookies<\/strong><\/li>\n<\/ol>\n<p>Cette politique en mati\u00e8re de cookies peut \u00eatre mise \u00e0 jour \u00e0 tout moment en fonction de modifications l\u00e9gales ou techniques. Nous vous recommandons de le consulter p\u00e9riodiquement pour \u00eatre inform\u00e9 d&rsquo;\u00e9ventuelles modifications.<\/p>\n<p>Pour toute question concernant notre politique en mati\u00e8re de cookies, vous pouvez nous contacter \u00e0 <a href=\"mailto:info@ksumaicare.com\"><strong>l&rsquo;adresse info@ksumaicare.com<\/strong><\/a>.<\/p>\n","protected":false},"excerpt":{"rendered":"<p>Politique en mati\u00e8re de cookies Sur le\u00a0 site web de SANDIARA ORIGINS NZ SL \u00a0, nous utilisons des cookies pour assurer le bon fonctionnement de la page, am\u00e9liorer l&rsquo;exp\u00e9rience de l&rsquo;utilisateur et analyser sa navigation. En poursuivant votre navigation sur notre site, vous acceptez l&rsquo;utilisation de cookies dans les conditions d\u00e9crites dans la pr\u00e9sente Politique. [&hellip;]<\/p>\n","protected":false},"author":22,"featured_media":0,"parent":0,"menu_order":0,"comment_status":"closed","ping_status":"closed","template":"","meta":{"footnotes":""},"class_list":["post-3126","page","type-page","status-publish","hentry"],"_links":{"self":[{"href":"https:\/\/ksumaicare.com\/fr\/wp-json\/wp\/v2\/pages\/3126","targetHints":{"allow":["GET"]}}],"collection":[{"href":"https:\/\/ksumaicare.com\/fr\/wp-json\/wp\/v2\/pages"}],"about":[{"href":"https:\/\/ksumaicare.com\/fr\/wp-json\/wp\/v2\/types\/page"}],"author":[{"embeddable":true,"href":"https:\/\/ksumaicare.com\/fr\/wp-json\/wp\/v2\/users\/22"}],"replies":[{"embeddable":true,"href":"https:\/\/ksumaicare.com\/fr\/wp-json\/wp\/v2\/comments?post=3126"}],"version-history":[{"count":0,"href":"https:\/\/ksumaicare.com\/fr\/wp-json\/wp\/v2\/pages\/3126\/revisions"}],"wp:attachment":[{"href":"https:\/\/ksumaicare.com\/fr\/wp-json\/wp\/v2\/media?parent=3126"}],"curies":[{"name":"wp","href":"https:\/\/api.w.org\/{rel}","templated":true}]}}