{"id":7558,"date":"2025-05-19T15:22:21","date_gmt":"2025-05-19T13:22:21","guid":{"rendered":"https:\/\/ksumaicare.com\/?post_type=product&#038;p=7558"},"modified":"2025-11-01T12:35:44","modified_gmt":"2025-11-01T11:35:44","slug":"parasistop-complex","status":"publish","type":"product","link":"https:\/\/ksumaicare.com\/fr\/producto\/parasistop-complex\/","title":{"rendered":"ParasiStop  Complex"},"content":{"rendered":"<h2>ParasiStop associe des extraits de plantes s\u00e9lectionn\u00e9s, notamment des graines de papaye, de l&rsquo;ail, du curcuma, du thym et des graines de citrouille, traditionnellement utilis\u00e9s pour favoriser le bien-\u00eatre digestif et maintenir l&rsquo;\u00e9quilibre intestinal.<\/h2>\n","protected":false},"excerpt":{"rendered":"<h3>En m\u00e9decine traditionnelle chinoise (MTC), l\u2019\u00e9quilibre entre le corps, l\u2019esprit et la nature est fondamental. Lorsque cet \u00e9quilibre est rompu, des sympt\u00f4mes peuvent appara\u00eetre que nous n\u2019associons souvent pas \u00e0 une cause sp\u00e9cifique. L\u2019un de ces d\u00e9s\u00e9quilibres courants, mais invisibles, est un exc\u00e8s de parasites intestinaux.<\/h3>\n","protected":false},"featured_media":7512,"comment_status":"open","ping_status":"closed","template":"","meta":[],"product_brand":[],"product_cat":[439],"product_tag":[1972,1976,1980,1967,1979,1971,1968,1969,1981,1966,1975,1983,470,1974,1977,1982,1970,1978,1965,1973],"class_list":{"0":"post-7558","1":"product","2":"type-product","3":"status-publish","4":"has-post-thumbnail","6":"product_cat-complements-alimentaires","7":"product_tag-accessoires-ksumai","8":"product_tag-ail","9":"product_tag-bien-etre-digestif","10":"product_tag-bruxisme-fr","11":"product_tag-curcuma-fr","12":"product_tag-deficit-immunitaire","13":"product_tag-demangeaisons-anales","14":"product_tag-demangeaisons-nocturnes","15":"product_tag-exces-de-parasites","16":"product_tag-gonflement-abdominal","17":"product_tag-graines-de-citrouille","18":"product_tag-graines-de-papaye","19":"product_tag-insomnie","20":"product_tag-irritabilite-du-foie","21":"product_tag-papaye","22":"product_tag-parasitose","23":"product_tag-rhumes","24":"product_tag-thym","25":"product_tag-vermifuge","26":"product_tag-vermifuge-naturel","28":"first","29":"instock","30":"shipping-taxable","31":"purchasable","32":"product-type-simple"},"_links":{"self":[{"href":"https:\/\/ksumaicare.com\/fr\/wp-json\/wp\/v2\/product\/7558","targetHints":{"allow":["GET"]}}],"collection":[{"href":"https:\/\/ksumaicare.com\/fr\/wp-json\/wp\/v2\/product"}],"about":[{"href":"https:\/\/ksumaicare.com\/fr\/wp-json\/wp\/v2\/types\/product"}],"replies":[{"embeddable":true,"href":"https:\/\/ksumaicare.com\/fr\/wp-json\/wp\/v2\/comments?post=7558"}],"wp:featuredmedia":[{"embeddable":true,"href":"https:\/\/ksumaicare.com\/fr\/wp-json\/wp\/v2\/media\/7512"}],"wp:attachment":[{"href":"https:\/\/ksumaicare.com\/fr\/wp-json\/wp\/v2\/media?parent=7558"}],"wp:term":[{"taxonomy":"product_brand","embeddable":true,"href":"https:\/\/ksumaicare.com\/fr\/wp-json\/wp\/v2\/product_brand?post=7558"},{"taxonomy":"product_cat","embeddable":true,"href":"https:\/\/ksumaicare.com\/fr\/wp-json\/wp\/v2\/product_cat?post=7558"},{"taxonomy":"product_tag","embeddable":true,"href":"https:\/\/ksumaicare.com\/fr\/wp-json\/wp\/v2\/product_tag?post=7558"}],"curies":[{"name":"wp","href":"https:\/\/api.w.org\/{rel}","templated":true}]}}